{"id":15,"date":"2025-06-07T05:19:25","date_gmt":"2025-06-07T05:19:25","guid":{"rendered":"https:\/\/aucklandtokelausociety.co.nz\/?page_id=15"},"modified":"2025-06-10T03:31:20","modified_gmt":"2025-06-10T03:31:20","slug":"pages","status":"publish","type":"page","link":"https:\/\/aucklandtokelausociety.co.nz\/?page_id=15","title":{"rendered":"Events"},"content":{"rendered":"<div class=\"xdj266r x14z9mp xat24cr x1lziwak x1vvkbs x126k92a\">\n<div dir=\"auto\"><\/div>\n<h4 dir=\"auto\">Winter Ball 2025<\/h4>\n<div dir=\"auto\">Mal\u014d ni ma fakatalofa atu kite mamalu o te tatou kaiga Tokelau Aukilani kae m\u0101ihe te mamalu o T\u0101mana ma M\u0101tua matutua. E hiki ake te fakafetai kite tatou Atua ma tona alofa, kua aulia manuia ki tenei aho fou.<\/div>\n<\/div>\n<div class=\"x14z9mp xat24cr x1lziwak x1vvkbs xtlvy1s x126k92a\">\n<div dir=\"auto\">ATSI are proud to present the biggest and the best Tokelau fundraising event ever held in Aukilani. Our ATSI Winter ball is back and promises to be the event of the year! Come and support us to raise funds for our Aukilani Tokelau Hall. Last year was a success this year we are looking to hiki te level ki luga lele! Get your table now &#8211; details below.<\/div>\n<\/div>\n<div class=\"x14z9mp xat24cr x1lziwak x1vvkbs xtlvy1s x126k92a\">\n<div dir=\"auto\">When: Saturday 26th July 2025, 6pm &#8211; 11pm<\/div>\n<div dir=\"auto\">Where: Malaeola Community centre Mangere<\/div>\n<div dir=\"auto\">DJ, Live entertainment, Full buffet, licensed bar &#8211; no BYO, strictly 18+ event.<\/div>\n<div dir=\"auto\">Tickets: $120 each or table of 10 for $1200<\/div>\n<\/div>\n<div class=\"x14z9mp xat24cr x1lziwak x1vvkbs xtlvy1s x126k92a\">\n<div dir=\"auto\">For tickets or enquiries email us here accounts@aucklandtokelausociety.co.nz or you can DM here on our ATSI page.<\/div>\n<\/div>\n<div class=\"x14z9mp xat24cr x1lziwak x1vvkbs xtlvy1s x126k92a\">\n<div dir=\"auto\">Come and support us take one step closer to finding a place here in Tamaki Makaurau we can call our home! You won&#8217;t want to to miss this night! <span class=\"html-span xdj266r x14z9mp xat24cr x1lziwak xexx8yu xyri2b x18d9i69 x1c1uobl x1hl2dhg x16tdsg8 x1vvkbs\"><a class=\"x1i10hfl xjbqb8w x1ejq31n x18oe1m7 x1sy0etr xstzfhl x972fbf x10w94by x1qhh985 x14e42zd x9f619 x1ypdohk xt0psk2 xe8uvvx xdj266r x14z9mp xat24cr x1lziwak xexx8yu xyri2b x18d9i69 x1c1uobl x16tdsg8 x1hl2dhg xggy1nq x1a2a7pz xkrqix3 x1sur9pj x1fey0fg x1s688f\" tabindex=\"0\" role=\"link\" href=\"https:\/\/www.facebook.com\/hashtag\/tokelaukimua?__eep__=6&amp;__cft__[0]=AZU-AJ-2SMDmXBvj5gItaAjwOchgfL-L1HPmoK-vghV7NO7q223NdSDfckVvWhiYvMWyXKpDTj6G81UtI2XTxcEZgFwD6UC4JfitHRcK97rpaY-aMse_WCJDK6Hti6oL8MlJGKKdvAf4xjoFlN5VcpaKSS985x38jk2eFbmBoYMbdM5a3hRZC8vbOm3faM-jXdxT6F5-0fn3FR_aCz6B3S-j&amp;__tn__=*NK-R\">#tokelaukimua<\/a><\/span> <span class=\"html-span xdj266r x14z9mp xat24cr x1lziwak xexx8yu xyri2b x18d9i69 x1c1uobl x1hl2dhg x16tdsg8 x1vvkbs\"><a class=\"x1i10hfl xjbqb8w x1ejq31n x18oe1m7 x1sy0etr xstzfhl x972fbf x10w94by x1qhh985 x14e42zd x9f619 x1ypdohk xt0psk2 xe8uvvx xdj266r x14z9mp xat24cr x1lziwak xexx8yu xyri2b x18d9i69 x1c1uobl x16tdsg8 x1hl2dhg xggy1nq x1a2a7pz xkrqix3 x1sur9pj x1fey0fg x1s688f\" tabindex=\"0\" role=\"link\" href=\"https:\/\/www.facebook.com\/hashtag\/tokelaukeola?__eep__=6&amp;__cft__[0]=AZU-AJ-2SMDmXBvj5gItaAjwOchgfL-L1HPmoK-vghV7NO7q223NdSDfckVvWhiYvMWyXKpDTj6G81UtI2XTxcEZgFwD6UC4JfitHRcK97rpaY-aMse_WCJDK6Hti6oL8MlJGKKdvAf4xjoFlN5VcpaKSS985x38jk2eFbmBoYMbdM5a3hRZC8vbOm3faM-jXdxT6F5-0fn3FR_aCz6B3S-j&amp;__tn__=*NK-R\">#tokelaukeola<\/a><\/span> <span class=\"html-span xdj266r x14z9mp xat24cr x1lziwak xexx8yu xyri2b x18d9i69 x1c1uobl x1hl2dhg x16tdsg8 x1vvkbs\"><a class=\"x1i10hfl xjbqb8w x1ejq31n x18oe1m7 x1sy0etr xstzfhl x972fbf x10w94by x1qhh985 x14e42zd x9f619 x1ypdohk xt0psk2 xe8uvvx xdj266r x14z9mp xat24cr x1lziwak xexx8yu xyri2b x18d9i69 x1c1uobl x16tdsg8 x1hl2dhg xggy1nq x1a2a7pz xkrqix3 x1sur9pj x1fey0fg x1s688f\" tabindex=\"0\" role=\"link\" href=\"https:\/\/www.facebook.com\/hashtag\/hehoalava?__eep__=6&amp;__cft__[0]=AZU-AJ-2SMDmXBvj5gItaAjwOchgfL-L1HPmoK-vghV7NO7q223NdSDfckVvWhiYvMWyXKpDTj6G81UtI2XTxcEZgFwD6UC4JfitHRcK97rpaY-aMse_WCJDK6Hti6oL8MlJGKKdvAf4xjoFlN5VcpaKSS985x38jk2eFbmBoYMbdM5a3hRZC8vbOm3faM-jXdxT6F5-0fn3FR_aCz6B3S-j&amp;__tn__=*NK-R\">#hehoalava<\/a><\/span><\/div>\n<\/div>\n\n\n<figure class=\"wp-block-image size-full is-resized\"><img loading=\"lazy\" decoding=\"async\" width=\"9000\" height=\"11250\" src=\"https:\/\/aucklandtokelausociety.co.nz\/wp-content\/uploads\/2025\/06\/Atsi-BAll-Flyer-Saturday-26-July-2025.jpg\" alt=\"\" class=\"wp-image-167\" style=\"width:763px;height:auto\"\/><\/figure>\n","protected":false},"excerpt":{"rendered":"<p>Winter Ball 2025 Mal\u014d ni ma fakatalofa atu kite mamalu o te tatou kaiga Tokelau Aukilani kae m\u0101ihe te mamalu o T\u0101mana ma M\u0101tua matutua. E hiki ake te fakafetai kite tatou Atua ma tona alofa, kua aulia manuia ki tenei aho fou. ATSI are proud to present the biggest and the best Tokelau fundraising&#8230;<\/p>\n","protected":false},"author":1,"featured_media":0,"parent":0,"menu_order":0,"comment_status":"closed","ping_status":"closed","template":"","meta":{"_kadence_starter_templates_imported_post":false,"_swpsp_post_exclude":false,"_kad_post_transparent":"","_kad_post_title":"","_kad_post_layout":"","_kad_post_sidebar_id":"","_kad_post_content_style":"","_kad_post_vertical_padding":"","_kad_post_feature":"","_kad_post_feature_position":"","_kad_post_header":false,"_kad_post_footer":false,"footnotes":""},"class_list":["post-15","page","type-page","status-publish","hentry"],"_links":{"self":[{"href":"https:\/\/aucklandtokelausociety.co.nz\/index.php?rest_route=\/wp\/v2\/pages\/15","targetHints":{"allow":["GET"]}}],"collection":[{"href":"https:\/\/aucklandtokelausociety.co.nz\/index.php?rest_route=\/wp\/v2\/pages"}],"about":[{"href":"https:\/\/aucklandtokelausociety.co.nz\/index.php?rest_route=\/wp\/v2\/types\/page"}],"author":[{"embeddable":true,"href":"https:\/\/aucklandtokelausociety.co.nz\/index.php?rest_route=\/wp\/v2\/users\/1"}],"replies":[{"embeddable":true,"href":"https:\/\/aucklandtokelausociety.co.nz\/index.php?rest_route=%2Fwp%2Fv2%2Fcomments&post=15"}],"version-history":[{"count":4,"href":"https:\/\/aucklandtokelausociety.co.nz\/index.php?rest_route=\/wp\/v2\/pages\/15\/revisions"}],"predecessor-version":[{"id":169,"href":"https:\/\/aucklandtokelausociety.co.nz\/index.php?rest_route=\/wp\/v2\/pages\/15\/revisions\/169"}],"wp:attachment":[{"href":"https:\/\/aucklandtokelausociety.co.nz\/index.php?rest_route=%2Fwp%2Fv2%2Fmedia&parent=15"}],"curies":[{"name":"wp","href":"https:\/\/api.w.org\/{rel}","templated":true}]}}